{"id":84,"date":"2024-10-21T21:45:19","date_gmt":"2024-10-21T21:45:19","guid":{"rendered":"https:\/\/congresoaseguramiento.incp.org.co\/?page_id=84"},"modified":"2025-09-24T19:52:38","modified_gmt":"2025-09-24T19:52:38","slug":"conferencista-07","status":"publish","type":"page","link":"https:\/\/congresoaseguramiento.incp.org.co\/indexphp\/conferencista-07\/","title":{"rendered":"Leonardo Mora"},"content":{"rendered":"\n<div class=\"wp-block-columns is-layout-flex wp-container-core-columns-is-layout-9d6595d7 wp-block-columns-is-layout-flex\">\n<div class=\"wp-block-column is-layout-flow wp-block-column-is-layout-flow\">\n<figure class=\"wp-block-image size-full is-resized\"><img loading=\"lazy\" decoding=\"async\" width=\"402\" height=\"401\" src=\"https:\/\/congresoaseguramiento.incp.org.co\/wp-content\/uploads\/2025\/09\/Mesa-de-trabajo-1-copia-5-100.jpg\" alt=\"\" class=\"wp-image-542\" style=\"width:414px;height:auto\" srcset=\"https:\/\/congresoaseguramiento.incp.org.co\/wp-content\/uploads\/2025\/09\/Mesa-de-trabajo-1-copia-5-100.jpg 402w, https:\/\/congresoaseguramiento.incp.org.co\/wp-content\/uploads\/2025\/09\/Mesa-de-trabajo-1-copia-5-100-300x300.jpg 300w, https:\/\/congresoaseguramiento.incp.org.co\/wp-content\/uploads\/2025\/09\/Mesa-de-trabajo-1-copia-5-100-150x150.jpg 150w\" sizes=\"auto, (max-width: 402px) 100vw, 402px\" \/><\/figure>\n<\/div>\n\n\n\n<div class=\"wp-block-column is-layout-flow wp-block-column-is-layout-flow\">\n<h5 class=\"wp-block-heading\" style=\"font-size:20px\">Director de Auditor\u00eda en KPMG<\/h5>\n\n\n\n<p style=\"text-align:justify\">Contador p\u00fablico con m\u00e1s de 21 a\u00f1os de experiencia en auditor\u00eda interna, aseguramiento y revisor\u00eda fiscal en entidades del sector financiero y real. Ha desarrollado su conocimiento liderando proyectos en estas \u00e1reas y actualmente se desempe\u00f1a como director de Auditor\u00eda en KPMG Colombia.<br><br>\n\nEs docente universitario, conferencista y capacitador en temas de auditor\u00eda y aseguramiento, labor que lo apasiona porque contribuye al fortalecimiento t\u00e9cnico de la profesi\u00f3n contable y a la formaci\u00f3n profesional. \n<\/p>\n<\/div>\n<\/div>\n\n\n\n<hr class=\"wp-block-separator has-alpha-channel-opacity\"\/>\n\n\n\n<p><\/p>\n","protected":false},"excerpt":{"rendered":"<p>Director de Auditor\u00eda en KPMG Contador p\u00fablico con m\u00e1s de 21 a\u00f1os de experiencia en auditor\u00eda interna, aseguramiento y revisor\u00eda fiscal en entidades del sector financiero y real. Ha desarrollado su conocimiento liderando proyectos en estas \u00e1reas y actualmente se desempe\u00f1a como director de Auditor\u00eda en KPMG Colombia. Es docente universitario, conferencista y capacitador en &hellip; <\/p>\n","protected":false},"author":2,"featured_media":0,"parent":0,"menu_order":0,"comment_status":"closed","ping_status":"closed","template":"","meta":{"footnotes":""},"class_list":["post-84","page","type-page","status-publish","hentry"],"_links":{"self":[{"href":"https:\/\/congresoaseguramiento.incp.org.co\/index.php\/wp-json\/wp\/v2\/pages\/84","targetHints":{"allow":["GET"]}}],"collection":[{"href":"https:\/\/congresoaseguramiento.incp.org.co\/index.php\/wp-json\/wp\/v2\/pages"}],"about":[{"href":"https:\/\/congresoaseguramiento.incp.org.co\/index.php\/wp-json\/wp\/v2\/types\/page"}],"author":[{"embeddable":true,"href":"https:\/\/congresoaseguramiento.incp.org.co\/index.php\/wp-json\/wp\/v2\/users\/2"}],"replies":[{"embeddable":true,"href":"https:\/\/congresoaseguramiento.incp.org.co\/index.php\/wp-json\/wp\/v2\/comments?post=84"}],"version-history":[{"count":4,"href":"https:\/\/congresoaseguramiento.incp.org.co\/index.php\/wp-json\/wp\/v2\/pages\/84\/revisions"}],"predecessor-version":[{"id":567,"href":"https:\/\/congresoaseguramiento.incp.org.co\/index.php\/wp-json\/wp\/v2\/pages\/84\/revisions\/567"}],"wp:attachment":[{"href":"https:\/\/congresoaseguramiento.incp.org.co\/index.php\/wp-json\/wp\/v2\/media?parent=84"}],"curies":[{"name":"wp","href":"https:\/\/api.w.org\/{rel}","templated":true}]}}