{"id":76,"date":"2024-10-21T21:43:52","date_gmt":"2024-10-21T21:43:52","guid":{"rendered":"https:\/\/congresoaseguramiento.incp.org.co\/?page_id=76"},"modified":"2025-09-22T19:34:17","modified_gmt":"2025-09-22T19:34:17","slug":"conferencista-06","status":"publish","type":"page","link":"https:\/\/congresoaseguramiento.incp.org.co\/indexphp\/conferencista-06\/","title":{"rendered":"Jorge Eli\u00e9cer Moreno\u200b"},"content":{"rendered":"\n<div class=\"wp-block-columns is-layout-flex wp-container-core-columns-is-layout-9d6595d7 wp-block-columns-is-layout-flex\">\n<div class=\"wp-block-column is-layout-flow wp-block-column-is-layout-flow\">\n<figure class=\"wp-block-image size-full is-resized\"><img loading=\"lazy\" decoding=\"async\" width=\"402\" height=\"401\" src=\"https:\/\/congresoaseguramiento.incp.org.co\/wp-content\/uploads\/2025\/09\/Jorge-Eliecer-Moreno.jpg\" alt=\"\" class=\"wp-image-517\" style=\"width:414px;height:auto\" srcset=\"https:\/\/congresoaseguramiento.incp.org.co\/wp-content\/uploads\/2025\/09\/Jorge-Eliecer-Moreno.jpg 402w, https:\/\/congresoaseguramiento.incp.org.co\/wp-content\/uploads\/2025\/09\/Jorge-Eliecer-Moreno-300x300.jpg 300w, https:\/\/congresoaseguramiento.incp.org.co\/wp-content\/uploads\/2025\/09\/Jorge-Eliecer-Moreno-150x150.jpg 150w\" sizes=\"auto, (max-width: 402px) 100vw, 402px\" \/><\/figure>\n<\/div>\n\n\n\n<div class=\"wp-block-column is-layout-flow wp-block-column-is-layout-flow\">\n<h5 class=\"wp-block-heading\" style=\"font-size:20px\">Socio l\u00edder de Aseguramiento de PWC Colombia\u200b<br>\n\nPresidente del Comit\u00e9 T\u00e9cnico de Aseguramiento del CTCP<\/h5>\n\n\n\n<p style=\"text-align:justify\">Contador P\u00fablico, con m\u00e1s de 30 a\u00f1os de experiencia en auditor\u00eda y aseguramiento. MBA y especialista, en transformaci\u00f3n digital. Es catedr\u00e1tico en prestigiosas universidades y ha sido conferencista del Foro de Firmas y del Foro Latinoamericano de IFAC.\u200b<br><br>\n\nActualmente es el socio l\u00edder de Aseguramiento de PricewaterhouseCoopers (PwC) Colombia, vicepresidente de la Junta Directiva del Instituto Nacional de Contadores P\u00fablicos \u2013 INCP y presidente del Comit\u00e9 T\u00e9cnico de Aseguramiento &#8211; CTA del Consejo T\u00e9cnico de la Contadur\u00eda P\u00fablica. Ha sido representante por Colombia ante la Asociaci\u00f3n Interamericana de Contabilidad -AIC.\u200b<br><br>\u200b\n\nIntegr\u00f3 el equipo de Calidad de la Firma Global responsable de la implementaci\u00f3n del est\u00e1ndar sobre Calidad para las Firmas PwC en Suram\u00e9rica.<\/p>\n<\/div>\n<\/div>\n\n\n\n<hr class=\"wp-block-separator has-alpha-channel-opacity\"\/>\n\n\n\n<p><\/p>\n","protected":false},"excerpt":{"rendered":"<p>Socio l\u00edder de Aseguramiento de PWC Colombia\u200b Presidente del Comit\u00e9 T\u00e9cnico de Aseguramiento del CTCP Contador P\u00fablico, con m\u00e1s de 30 a\u00f1os de experiencia en auditor\u00eda y aseguramiento. MBA y especialista, en transformaci\u00f3n digital. Es catedr\u00e1tico en prestigiosas universidades y ha sido conferencista del Foro de Firmas y del Foro Latinoamericano de IFAC.\u200b Actualmente es &hellip; <\/p>\n","protected":false},"author":2,"featured_media":0,"parent":0,"menu_order":0,"comment_status":"closed","ping_status":"closed","template":"","meta":{"footnotes":""},"class_list":["post-76","page","type-page","status-publish","hentry"],"_links":{"self":[{"href":"https:\/\/congresoaseguramiento.incp.org.co\/index.php\/wp-json\/wp\/v2\/pages\/76","targetHints":{"allow":["GET"]}}],"collection":[{"href":"https:\/\/congresoaseguramiento.incp.org.co\/index.php\/wp-json\/wp\/v2\/pages"}],"about":[{"href":"https:\/\/congresoaseguramiento.incp.org.co\/index.php\/wp-json\/wp\/v2\/types\/page"}],"author":[{"embeddable":true,"href":"https:\/\/congresoaseguramiento.incp.org.co\/index.php\/wp-json\/wp\/v2\/users\/2"}],"replies":[{"embeddable":true,"href":"https:\/\/congresoaseguramiento.incp.org.co\/index.php\/wp-json\/wp\/v2\/comments?post=76"}],"version-history":[{"count":5,"href":"https:\/\/congresoaseguramiento.incp.org.co\/index.php\/wp-json\/wp\/v2\/pages\/76\/revisions"}],"predecessor-version":[{"id":518,"href":"https:\/\/congresoaseguramiento.incp.org.co\/index.php\/wp-json\/wp\/v2\/pages\/76\/revisions\/518"}],"wp:attachment":[{"href":"https:\/\/congresoaseguramiento.incp.org.co\/index.php\/wp-json\/wp\/v2\/media?parent=76"}],"curies":[{"name":"wp","href":"https:\/\/api.w.org\/{rel}","templated":true}]}}