{"id":74,"date":"2025-09-24T14:20:32","date_gmt":"2025-09-24T14:20:32","guid":{"rendered":"https:\/\/congresoaseguramiento.incp.org.co\/?page_id=74"},"modified":"2025-09-24T19:46:24","modified_gmt":"2025-09-24T19:46:24","slug":"conferencista-05","status":"publish","type":"page","link":"https:\/\/congresoaseguramiento.incp.org.co\/indexphp\/conferencista-05\/","title":{"rendered":"Angela Jaimes\u200b"},"content":{"rendered":"\n<div class=\"wp-block-columns is-layout-flex wp-container-core-columns-is-layout-9d6595d7 wp-block-columns-is-layout-flex\">\n<div class=\"wp-block-column is-layout-flow wp-block-column-is-layout-flow\">\n<figure class=\"wp-block-image size-full is-resized\"><img loading=\"lazy\" decoding=\"async\" width=\"402\" height=\"401\" src=\"https:\/\/congresoaseguramiento.incp.org.co\/wp-content\/uploads\/2025\/09\/Mesa-de-trabajo-1-copia-9-100.jpg\" alt=\"\" class=\"wp-image-544\" style=\"width:414px;height:auto\" srcset=\"https:\/\/congresoaseguramiento.incp.org.co\/wp-content\/uploads\/2025\/09\/Mesa-de-trabajo-1-copia-9-100.jpg 402w, https:\/\/congresoaseguramiento.incp.org.co\/wp-content\/uploads\/2025\/09\/Mesa-de-trabajo-1-copia-9-100-300x300.jpg 300w, https:\/\/congresoaseguramiento.incp.org.co\/wp-content\/uploads\/2025\/09\/Mesa-de-trabajo-1-copia-9-100-150x150.jpg 150w\" sizes=\"auto, (max-width: 402px) 100vw, 402px\" \/><\/figure>\n<\/div>\n\n\n\n<div class=\"wp-block-column is-layout-flow wp-block-column-is-layout-flow\">\n<h5 class=\"wp-block-heading\" style=\"font-size:20px\">Socia de Auditor\u00eda en EY \u200b\n<\/h5>\n\n\n\n<p style=\"text-align:justify\">Contadora p\u00fablica de la Universidad Externado de Colombia, socia de Auditor\u00eda y Directora de la Pr\u00e1ctica Profesional (PPD) en EY Colombia, donde lidera procesos estrat\u00e9gicos enfocados en el cumplimiento normativo, la gesti\u00f3n de riesgos y la excelencia en la ejecuci\u00f3n de auditor\u00edas.<br><br>\n\nHa dirigido auditor\u00edas para algunas de las empresas m\u00e1s relevantes de Colombia, asegurando el cumplimiento de est\u00e1ndares globales en un entorno regulado y en constante transformaci\u00f3n.<br><br>\n\nA lo largo de su trayectoria ha sido l\u00edder del sector de mercados de consumo y retail. <\/p>\n<\/div>\n<\/div>\n\n\n\n<hr class=\"wp-block-separator has-alpha-channel-opacity\"\/>\n\n\n\n<p><\/p>\n","protected":false},"excerpt":{"rendered":"<p>Socia de Auditor\u00eda en EY \u200b Contadora p\u00fablica de la Universidad Externado de Colombia, socia de Auditor\u00eda y Directora de la Pr\u00e1ctica Profesional (PPD) en EY Colombia, donde lidera procesos estrat\u00e9gicos enfocados en el cumplimiento normativo, la gesti\u00f3n de riesgos y la excelencia en la ejecuci\u00f3n de auditor\u00edas. Ha dirigido auditor\u00edas para algunas de las &hellip; <\/p>\n","protected":false},"author":1,"featured_media":0,"parent":0,"menu_order":0,"comment_status":"closed","ping_status":"closed","template":"","meta":{"footnotes":""},"class_list":["post-74","page","type-page","status-publish","hentry"],"_links":{"self":[{"href":"https:\/\/congresoaseguramiento.incp.org.co\/index.php\/wp-json\/wp\/v2\/pages\/74","targetHints":{"allow":["GET"]}}],"collection":[{"href":"https:\/\/congresoaseguramiento.incp.org.co\/index.php\/wp-json\/wp\/v2\/pages"}],"about":[{"href":"https:\/\/congresoaseguramiento.incp.org.co\/index.php\/wp-json\/wp\/v2\/types\/page"}],"author":[{"embeddable":true,"href":"https:\/\/congresoaseguramiento.incp.org.co\/index.php\/wp-json\/wp\/v2\/users\/1"}],"replies":[{"embeddable":true,"href":"https:\/\/congresoaseguramiento.incp.org.co\/index.php\/wp-json\/wp\/v2\/comments?post=74"}],"version-history":[{"count":6,"href":"https:\/\/congresoaseguramiento.incp.org.co\/index.php\/wp-json\/wp\/v2\/pages\/74\/revisions"}],"predecessor-version":[{"id":553,"href":"https:\/\/congresoaseguramiento.incp.org.co\/index.php\/wp-json\/wp\/v2\/pages\/74\/revisions\/553"}],"wp:attachment":[{"href":"https:\/\/congresoaseguramiento.incp.org.co\/index.php\/wp-json\/wp\/v2\/media?parent=74"}],"curies":[{"name":"wp","href":"https:\/\/api.w.org\/{rel}","templated":true}]}}