{"id":71,"date":"2025-09-23T21:05:03","date_gmt":"2025-09-23T21:05:03","guid":{"rendered":"https:\/\/congresoaseguramiento.incp.org.co\/?page_id=71"},"modified":"2025-09-24T19:46:09","modified_gmt":"2025-09-24T19:46:09","slug":"conferencista-04","status":"publish","type":"page","link":"https:\/\/congresoaseguramiento.incp.org.co\/conferencista-04\/","title":{"rendered":"Andr\u00e9s Morales"},"content":{"rendered":"\n<div class=\"wp-block-columns is-layout-flex wp-container-core-columns-is-layout-9d6595d7 wp-block-columns-is-layout-flex\">\n<div class=\"wp-block-column is-layout-flow wp-block-column-is-layout-flow\">\n<figure class=\"wp-block-image size-full is-resized\"><img loading=\"lazy\" decoding=\"async\" width=\"402\" height=\"401\" src=\"https:\/\/congresoaseguramiento.incp.org.co\/wp-content\/uploads\/2025\/09\/Mesa-de-trabajo-1-copia-8-100.jpg\" alt=\"\" class=\"wp-image-543\" style=\"width:414px;height:auto\" srcset=\"https:\/\/congresoaseguramiento.incp.org.co\/wp-content\/uploads\/2025\/09\/Mesa-de-trabajo-1-copia-8-100.jpg 402w, https:\/\/congresoaseguramiento.incp.org.co\/wp-content\/uploads\/2025\/09\/Mesa-de-trabajo-1-copia-8-100-300x300.jpg 300w, https:\/\/congresoaseguramiento.incp.org.co\/wp-content\/uploads\/2025\/09\/Mesa-de-trabajo-1-copia-8-100-150x150.jpg 150w\" sizes=\"auto, (max-width: 402px) 100vw, 402px\" \/><\/figure>\n<\/div>\n\n\n\n<div class=\"wp-block-column is-layout-flow wp-block-column-is-layout-flow\">\n<h5 class=\"wp-block-heading\" style=\"font-size:20px\">Socio de Auditor\u00eda en EY \u200b<br>\nMiembro del equipo de liderazgo de innovaci\u00f3n para EY Latinoam\u00e9rica<\/h5>\n\n\n\n<p style=\"text-align:justify\">Contador p\u00fablico egresado de la Pontificia Universidad Javeriana, especialista en an\u00e1lisis de estados financieros, reportes bajo USGAAP e IFRS, y administraci\u00f3n de riesgos de informaci\u00f3n financiera. Experiencia con clientes de distintos sectores como Oil &#038; Gas, telecomunicaciones, servicios, salud y sector real entre otros.\u200b<br><br>\n \u200b\nTiene m\u00e1s de 15 a\u00f1os de experiencia en el dise\u00f1o, planeaci\u00f3n y ejecuci\u00f3n de auditor\u00edas financieras, auditor\u00edas externas e internas, auditor\u00edas integradas y auditor\u00edas forenses.<\/p>\n<\/div>\n<\/div>\n\n\n\n<hr class=\"wp-block-separator has-alpha-channel-opacity\"\/>\n\n\n\n<p><\/p>\n","protected":false},"excerpt":{"rendered":"<p>Socio de Auditor\u00eda en EY \u200b Miembro del equipo de liderazgo de innovaci\u00f3n para EY Latinoam\u00e9rica Contador p\u00fablico egresado de la Pontificia Universidad Javeriana, especialista en an\u00e1lisis de estados financieros, reportes bajo USGAAP e IFRS, y administraci\u00f3n de riesgos de informaci\u00f3n financiera. Experiencia con clientes de distintos sectores como Oil &#038; Gas, telecomunicaciones, servicios, salud &hellip; <\/p>\n","protected":false},"author":2,"featured_media":0,"parent":0,"menu_order":0,"comment_status":"closed","ping_status":"closed","template":"","meta":{"footnotes":""},"class_list":["post-71","page","type-page","status-publish","hentry"],"_links":{"self":[{"href":"https:\/\/congresoaseguramiento.incp.org.co\/index.php\/wp-json\/wp\/v2\/pages\/71","targetHints":{"allow":["GET"]}}],"collection":[{"href":"https:\/\/congresoaseguramiento.incp.org.co\/index.php\/wp-json\/wp\/v2\/pages"}],"about":[{"href":"https:\/\/congresoaseguramiento.incp.org.co\/index.php\/wp-json\/wp\/v2\/types\/page"}],"author":[{"embeddable":true,"href":"https:\/\/congresoaseguramiento.incp.org.co\/index.php\/wp-json\/wp\/v2\/users\/2"}],"replies":[{"embeddable":true,"href":"https:\/\/congresoaseguramiento.incp.org.co\/index.php\/wp-json\/wp\/v2\/comments?post=71"}],"version-history":[{"count":6,"href":"https:\/\/congresoaseguramiento.incp.org.co\/index.php\/wp-json\/wp\/v2\/pages\/71\/revisions"}],"predecessor-version":[{"id":556,"href":"https:\/\/congresoaseguramiento.incp.org.co\/index.php\/wp-json\/wp\/v2\/pages\/71\/revisions\/556"}],"wp:attachment":[{"href":"https:\/\/congresoaseguramiento.incp.org.co\/index.php\/wp-json\/wp\/v2\/media?parent=71"}],"curies":[{"name":"wp","href":"https:\/\/api.w.org\/{rel}","templated":true}]}}