{"id":662,"date":"2025-11-04T16:04:58","date_gmt":"2025-11-04T16:04:58","guid":{"rendered":"https:\/\/congresoaseguramiento.incp.org.co\/?page_id=662"},"modified":"2025-11-04T16:04:59","modified_gmt":"2025-11-04T16:04:59","slug":"stephen-bubb","status":"publish","type":"page","link":"https:\/\/congresoaseguramiento.incp.org.co\/indexphp\/stephen-bubb\/","title":{"rendered":"Stephen Bubb"},"content":{"rendered":"\n<div class=\"wp-block-columns is-layout-flex wp-container-core-columns-is-layout-9d6595d7 wp-block-columns-is-layout-flex\">\n<div class=\"wp-block-column is-layout-flow wp-block-column-is-layout-flow\">\n<figure class=\"wp-block-image size-full is-resized\"><img loading=\"lazy\" decoding=\"async\" width=\"803\" height=\"803\" src=\"https:\/\/congresoaseguramiento.incp.org.co\/wp-content\/uploads\/2025\/11\/Mesa-de-trabajo-1-copia-22@2x-100.jpg\" alt=\"\" class=\"wp-image-667\" style=\"width:416px;height:auto\" srcset=\"https:\/\/congresoaseguramiento.incp.org.co\/wp-content\/uploads\/2025\/11\/Mesa-de-trabajo-1-copia-22@2x-100.jpg 803w, https:\/\/congresoaseguramiento.incp.org.co\/wp-content\/uploads\/2025\/11\/Mesa-de-trabajo-1-copia-22@2x-100-300x300.jpg 300w, https:\/\/congresoaseguramiento.incp.org.co\/wp-content\/uploads\/2025\/11\/Mesa-de-trabajo-1-copia-22@2x-100-150x150.jpg 150w, https:\/\/congresoaseguramiento.incp.org.co\/wp-content\/uploads\/2025\/11\/Mesa-de-trabajo-1-copia-22@2x-100-768x768.jpg 768w, https:\/\/congresoaseguramiento.incp.org.co\/wp-content\/uploads\/2025\/11\/Mesa-de-trabajo-1-copia-22@2x-100-470x470.jpg 470w\" sizes=\"auto, (max-width: 803px) 100vw, 803px\" \/><\/figure>\n<\/div>\n\n\n\n<div class=\"wp-block-column is-layout-flow wp-block-column-is-layout-flow\">\n<h5 class=\"wp-block-heading\" style=\"font-size:20px\">Senior Manager en RSM<\/h5>\n\n\n\n<p style=\"text-align:justify\">Contador p\u00fablico certificado (ACA) por el Institute of Chartered Accountants in England &#038; Wales (ICAEW) y profesional certificado por la Association of Accounting Technicians (AAT). Tiene m\u00e1s de 15 a\u00f1os de experiencia liderando proyectos de auditor\u00eda y consultor\u00eda en grupos internacionales y clientes del sector asegurador, con enfoque en IFRS, FRS 102 (UK GAAP), contratos a largo plazo y cumplimiento normativo.<br><br>\nA lo largo de su trayectoria, ha liderado equipos multidisciplinarios en auditor\u00edas complejas y de gran alcance, gestionando relaciones con juntas directivas, comit\u00e9s de auditor\u00eda y alta gerencia. Previamente fue jefe de departamento en RSM UK, donde impuls\u00f3 el crecimiento del equipo y fortaleci\u00f3 los procesos de desarrollo de talento.<\/p>\n<\/div>\n<\/div>\n","protected":false},"excerpt":{"rendered":"<p>Senior Manager en RSM Contador p\u00fablico certificado (ACA) por el Institute of Chartered Accountants in England &#038; Wales (ICAEW) y profesional certificado por la Association of Accounting Technicians (AAT). Tiene m\u00e1s de 15 a\u00f1os de experiencia liderando proyectos de auditor\u00eda y consultor\u00eda en grupos internacionales y clientes del sector asegurador, con enfoque en IFRS, FRS &hellip; <\/p>\n","protected":false},"author":1,"featured_media":0,"parent":0,"menu_order":0,"comment_status":"closed","ping_status":"closed","template":"","meta":{"footnotes":""},"class_list":["post-662","page","type-page","status-publish","hentry"],"_links":{"self":[{"href":"https:\/\/congresoaseguramiento.incp.org.co\/index.php\/wp-json\/wp\/v2\/pages\/662","targetHints":{"allow":["GET"]}}],"collection":[{"href":"https:\/\/congresoaseguramiento.incp.org.co\/index.php\/wp-json\/wp\/v2\/pages"}],"about":[{"href":"https:\/\/congresoaseguramiento.incp.org.co\/index.php\/wp-json\/wp\/v2\/types\/page"}],"author":[{"embeddable":true,"href":"https:\/\/congresoaseguramiento.incp.org.co\/index.php\/wp-json\/wp\/v2\/users\/1"}],"replies":[{"embeddable":true,"href":"https:\/\/congresoaseguramiento.incp.org.co\/index.php\/wp-json\/wp\/v2\/comments?post=662"}],"version-history":[{"count":1,"href":"https:\/\/congresoaseguramiento.incp.org.co\/index.php\/wp-json\/wp\/v2\/pages\/662\/revisions"}],"predecessor-version":[{"id":669,"href":"https:\/\/congresoaseguramiento.incp.org.co\/index.php\/wp-json\/wp\/v2\/pages\/662\/revisions\/669"}],"wp:attachment":[{"href":"https:\/\/congresoaseguramiento.incp.org.co\/index.php\/wp-json\/wp\/v2\/media?parent=662"}],"curies":[{"name":"wp","href":"https:\/\/api.w.org\/{rel}","templated":true}]}}