{"id":661,"date":"2025-11-04T16:05:07","date_gmt":"2025-11-04T16:05:07","guid":{"rendered":"https:\/\/congresoaseguramiento.incp.org.co\/?page_id=661"},"modified":"2025-11-04T16:05:08","modified_gmt":"2025-11-04T16:05:08","slug":"lucinda-diaz","status":"publish","type":"page","link":"https:\/\/congresoaseguramiento.incp.org.co\/indexphp\/lucinda-diaz\/","title":{"rendered":"Lucinda Diaz"},"content":{"rendered":"\n<div class=\"wp-block-columns is-layout-flex wp-container-core-columns-is-layout-9d6595d7 wp-block-columns-is-layout-flex\">\n<div class=\"wp-block-column is-layout-flow wp-block-column-is-layout-flow\">\n<figure class=\"wp-block-image size-full is-resized\"><img loading=\"lazy\" decoding=\"async\" width=\"803\" height=\"803\" src=\"https:\/\/congresoaseguramiento.incp.org.co\/wp-content\/uploads\/2025\/11\/Mesa-de-trabajo-1-copia-21@2x-100.jpg\" alt=\"\" class=\"wp-image-666\" style=\"width:416px;height:auto\" srcset=\"https:\/\/congresoaseguramiento.incp.org.co\/wp-content\/uploads\/2025\/11\/Mesa-de-trabajo-1-copia-21@2x-100.jpg 803w, https:\/\/congresoaseguramiento.incp.org.co\/wp-content\/uploads\/2025\/11\/Mesa-de-trabajo-1-copia-21@2x-100-300x300.jpg 300w, https:\/\/congresoaseguramiento.incp.org.co\/wp-content\/uploads\/2025\/11\/Mesa-de-trabajo-1-copia-21@2x-100-150x150.jpg 150w, https:\/\/congresoaseguramiento.incp.org.co\/wp-content\/uploads\/2025\/11\/Mesa-de-trabajo-1-copia-21@2x-100-768x768.jpg 768w, https:\/\/congresoaseguramiento.incp.org.co\/wp-content\/uploads\/2025\/11\/Mesa-de-trabajo-1-copia-21@2x-100-470x470.jpg 470w\" sizes=\"auto, (max-width: 803px) 100vw, 803px\" \/><\/figure>\n<\/div>\n\n\n\n<div class=\"wp-block-column is-layout-flow wp-block-column-is-layout-flow\">\n<h5 class=\"wp-block-heading\" style=\"font-size:20px\">Representante Superintendencia Financiera de Colombia<\/h5>\n\n\n\n<p style=\"text-align:justify\">Contadora p\u00fablica de la Pontificia Universidad Javeriana, especialista en Riesgos Financieros de la Universidad Externado de Colombia y m\u00e1ster internacional en Contabilidad y Auditor\u00eda de Cuentas por Wolters Kluwer y CEU Universidad San Pablo. Adem\u00e1s, cuenta con estudios en gesti\u00f3n de riesgos financieros y capital del BIS, la FED y el Banco de Espa\u00f1a, as\u00ed como en NIIF en Nemesis y el IIMV.<br><br>\nTiene m\u00e1s de 20 a\u00f1os de experiencia en la Superintendencia Financiera de Colombia, donde ha ocupado diversos cargos en materia de supervisi\u00f3n de riesgos y actualmente se desempe\u00f1a como asesora de la Subdirecci\u00f3n de Regulaci\u00f3n.\u200b<\/p>\n<\/div>\n<\/div>\n","protected":false},"excerpt":{"rendered":"<p>Representante Superintendencia Financiera de Colombia Contadora p\u00fablica de la Pontificia Universidad Javeriana, especialista en Riesgos Financieros de la Universidad Externado de Colombia y m\u00e1ster internacional en Contabilidad y Auditor\u00eda de Cuentas por Wolters Kluwer y CEU Universidad San Pablo. Adem\u00e1s, cuenta con estudios en gesti\u00f3n de riesgos financieros y capital del BIS, la FED y &hellip; <\/p>\n","protected":false},"author":1,"featured_media":0,"parent":0,"menu_order":0,"comment_status":"closed","ping_status":"closed","template":"","meta":{"footnotes":""},"class_list":["post-661","page","type-page","status-publish","hentry"],"_links":{"self":[{"href":"https:\/\/congresoaseguramiento.incp.org.co\/index.php\/wp-json\/wp\/v2\/pages\/661","targetHints":{"allow":["GET"]}}],"collection":[{"href":"https:\/\/congresoaseguramiento.incp.org.co\/index.php\/wp-json\/wp\/v2\/pages"}],"about":[{"href":"https:\/\/congresoaseguramiento.incp.org.co\/index.php\/wp-json\/wp\/v2\/types\/page"}],"author":[{"embeddable":true,"href":"https:\/\/congresoaseguramiento.incp.org.co\/index.php\/wp-json\/wp\/v2\/users\/1"}],"replies":[{"embeddable":true,"href":"https:\/\/congresoaseguramiento.incp.org.co\/index.php\/wp-json\/wp\/v2\/comments?post=661"}],"version-history":[{"count":1,"href":"https:\/\/congresoaseguramiento.incp.org.co\/index.php\/wp-json\/wp\/v2\/pages\/661\/revisions"}],"predecessor-version":[{"id":670,"href":"https:\/\/congresoaseguramiento.incp.org.co\/index.php\/wp-json\/wp\/v2\/pages\/661\/revisions\/670"}],"wp:attachment":[{"href":"https:\/\/congresoaseguramiento.incp.org.co\/index.php\/wp-json\/wp\/v2\/media?parent=661"}],"curies":[{"name":"wp","href":"https:\/\/api.w.org\/{rel}","templated":true}]}}