{"id":610,"date":"2025-10-02T20:36:00","date_gmt":"2025-10-02T20:36:00","guid":{"rendered":"https:\/\/congresoaseguramiento.incp.org.co\/?page_id=610"},"modified":"2025-10-02T21:17:56","modified_gmt":"2025-10-02T21:17:56","slug":"jacqueline-pena","status":"publish","type":"page","link":"https:\/\/congresoaseguramiento.incp.org.co\/indexphp\/jacqueline-pena\/","title":{"rendered":"Jacqueline Pe\u00f1a"},"content":{"rendered":"\n<div class=\"wp-block-columns is-layout-flex wp-container-core-columns-is-layout-9d6595d7 wp-block-columns-is-layout-flex\">\n<div class=\"wp-block-column is-layout-flow wp-block-column-is-layout-flow\">\n<figure class=\"wp-block-image size-full is-resized\"><img loading=\"lazy\" decoding=\"async\" width=\"803\" height=\"803\" src=\"https:\/\/congresoaseguramiento.incp.org.co\/wp-content\/uploads\/2025\/10\/Mesa-de-trabajo-1-copia-15@2x-100.jpg\" alt=\"\" class=\"wp-image-619\" style=\"width:416px;height:auto\" srcset=\"https:\/\/congresoaseguramiento.incp.org.co\/wp-content\/uploads\/2025\/10\/Mesa-de-trabajo-1-copia-15@2x-100.jpg 803w, https:\/\/congresoaseguramiento.incp.org.co\/wp-content\/uploads\/2025\/10\/Mesa-de-trabajo-1-copia-15@2x-100-300x300.jpg 300w, https:\/\/congresoaseguramiento.incp.org.co\/wp-content\/uploads\/2025\/10\/Mesa-de-trabajo-1-copia-15@2x-100-150x150.jpg 150w, https:\/\/congresoaseguramiento.incp.org.co\/wp-content\/uploads\/2025\/10\/Mesa-de-trabajo-1-copia-15@2x-100-768x768.jpg 768w, https:\/\/congresoaseguramiento.incp.org.co\/wp-content\/uploads\/2025\/10\/Mesa-de-trabajo-1-copia-15@2x-100-470x470.jpg 470w\" sizes=\"auto, (max-width: 803px) 100vw, 803px\" \/><\/figure>\n<\/div>\n\n\n\n<div class=\"wp-block-column is-layout-flow wp-block-column-is-layout-flow\">\n<h5 class=\"wp-block-heading\" style=\"font-size:20px\">Socia de Auditor\u00eda en PwC<\/h5>\n\n\n\n<p style=\"text-align:justify\">Contadora P\u00fablica de la Universidad de La Salle, especialista en Finanzas Corporativas y Mercado de Capitales de la Universidad Pontificia Bolivariana y con estudios en negocios internacionales en la University of Delaware. Actualmente es socia de Auditor\u00eda en PwC Colombia, donde lidera proyectos para clientes del sector financiero, aportando m\u00e1s de dos d\u00e9cadas de experiencia en auditor\u00eda, aseguramiento y consultor\u00eda.<br><br>\n\nA lo largo de su trayectoria ha ocupado cargos de liderazgo en PwC como directora y senior manager, y previamente trabaj\u00f3 en EY por m\u00e1s de una d\u00e9cada, consolidando una s\u00f3lida experiencia en la gesti\u00f3n de riesgos, implementaci\u00f3n de Normas Internacionales de Informaci\u00f3n Financiera (NIIF) y an\u00e1lisis financiero especializado. \u200b<\/p>\n<\/div>\n<\/div>\n","protected":false},"excerpt":{"rendered":"<p>Socia de Auditor\u00eda en PwC Contadora P\u00fablica de la Universidad de La Salle, especialista en Finanzas Corporativas y Mercado de Capitales de la Universidad Pontificia Bolivariana y con estudios en negocios internacionales en la University of Delaware. Actualmente es socia de Auditor\u00eda en PwC Colombia, donde lidera proyectos para clientes del sector financiero, aportando m\u00e1s &hellip; <\/p>\n","protected":false},"author":1,"featured_media":0,"parent":0,"menu_order":0,"comment_status":"closed","ping_status":"closed","template":"","meta":{"footnotes":""},"class_list":["post-610","page","type-page","status-publish","hentry"],"_links":{"self":[{"href":"https:\/\/congresoaseguramiento.incp.org.co\/index.php\/wp-json\/wp\/v2\/pages\/610","targetHints":{"allow":["GET"]}}],"collection":[{"href":"https:\/\/congresoaseguramiento.incp.org.co\/index.php\/wp-json\/wp\/v2\/pages"}],"about":[{"href":"https:\/\/congresoaseguramiento.incp.org.co\/index.php\/wp-json\/wp\/v2\/types\/page"}],"author":[{"embeddable":true,"href":"https:\/\/congresoaseguramiento.incp.org.co\/index.php\/wp-json\/wp\/v2\/users\/1"}],"replies":[{"embeddable":true,"href":"https:\/\/congresoaseguramiento.incp.org.co\/index.php\/wp-json\/wp\/v2\/comments?post=610"}],"version-history":[{"count":3,"href":"https:\/\/congresoaseguramiento.incp.org.co\/index.php\/wp-json\/wp\/v2\/pages\/610\/revisions"}],"predecessor-version":[{"id":621,"href":"https:\/\/congresoaseguramiento.incp.org.co\/index.php\/wp-json\/wp\/v2\/pages\/610\/revisions\/621"}],"wp:attachment":[{"href":"https:\/\/congresoaseguramiento.incp.org.co\/index.php\/wp-json\/wp\/v2\/media?parent=610"}],"curies":[{"name":"wp","href":"https:\/\/api.w.org\/{rel}","templated":true}]}}