{"id":61,"date":"2024-10-21T20:52:46","date_gmt":"2024-10-21T20:52:46","guid":{"rendered":"https:\/\/congresoaseguramiento.incp.org.co\/?page_id=61"},"modified":"2025-09-24T19:20:26","modified_gmt":"2025-09-24T19:20:26","slug":"conferencista-01","status":"publish","type":"page","link":"https:\/\/congresoaseguramiento.incp.org.co\/conferencista-01\/","title":{"rendered":"Jimmy Jay Bola\u00f1o\u200b"},"content":{"rendered":"\n<div class=\"wp-block-columns is-layout-flex wp-container-core-columns-is-layout-9d6595d7 wp-block-columns-is-layout-flex\">\n<div class=\"wp-block-column is-layout-flow wp-block-column-is-layout-flow\">\n<figure class=\"wp-block-gallery has-nested-images columns-default is-cropped wp-block-gallery-1 is-layout-flex wp-block-gallery-is-layout-flex\">\n<figure class=\"wp-block-image size-full\"><img loading=\"lazy\" decoding=\"async\" width=\"402\" height=\"401\" data-id=\"550\" src=\"https:\/\/congresoaseguramiento.incp.org.co\/wp-content\/uploads\/2025\/09\/Mesa-de-trabajo-1-copia-100.jpg\" alt=\"\" class=\"wp-image-550\" srcset=\"https:\/\/congresoaseguramiento.incp.org.co\/wp-content\/uploads\/2025\/09\/Mesa-de-trabajo-1-copia-100.jpg 402w, https:\/\/congresoaseguramiento.incp.org.co\/wp-content\/uploads\/2025\/09\/Mesa-de-trabajo-1-copia-100-300x300.jpg 300w, https:\/\/congresoaseguramiento.incp.org.co\/wp-content\/uploads\/2025\/09\/Mesa-de-trabajo-1-copia-100-150x150.jpg 150w\" sizes=\"auto, (max-width: 402px) 100vw, 402px\" \/><\/figure>\n<\/figure>\n<\/div>\n\n\n\n<div class=\"wp-block-column is-layout-flow wp-block-column-is-layout-flow\">\n<h5 class=\"wp-block-heading\" style=\"font-size:20px\">Presidente del Consejo T\u00e9cnico de la Contadur\u00eda P\u00fablica &#8211; CTCP\u200b\u200b<\/h5>\n\n\n\n<p style=\"text-align:justify\">Contador p\u00fablico de la Universidad del Atl\u00e1ntico, especializado en Gerencia Financiera, con mag\u00edster en Contabilidad y Auditor\u00eda Internacional de la Universidad CEU San Pablo y estudiante de doctorado en Educaci\u00f3n. Cuenta con una amplia experiencia como docente de universidades nacionales. Adem\u00e1s, ha ejercido su profesi\u00f3n como auditor, revisor fiscal, jefe de contabilidad, entre otros cargos. Actualmente es consejero presidente del Consejo T\u00e9cnico de la Contadur\u00eda P\u00fablica &#8211; CTCP.\u200b<\/p>\n<\/div>\n<\/div>\n\n\n\n<hr class=\"wp-block-separator has-alpha-channel-opacity\"\/>\n\n\n\n<p><\/p>\n","protected":false},"excerpt":{"rendered":"<p>Presidente del Consejo T\u00e9cnico de la Contadur\u00eda P\u00fablica &#8211; CTCP\u200b\u200b Contador p\u00fablico de la Universidad del Atl\u00e1ntico, especializado en Gerencia Financiera, con mag\u00edster en Contabilidad y Auditor\u00eda Internacional de la Universidad CEU San Pablo y estudiante de doctorado en Educaci\u00f3n. Cuenta con una amplia experiencia como docente de universidades nacionales. Adem\u00e1s, ha ejercido su profesi\u00f3n &hellip; <\/p>\n","protected":false},"author":2,"featured_media":0,"parent":0,"menu_order":0,"comment_status":"closed","ping_status":"closed","template":"","meta":{"footnotes":""},"class_list":["post-61","page","type-page","status-publish","hentry"],"_links":{"self":[{"href":"https:\/\/congresoaseguramiento.incp.org.co\/index.php\/wp-json\/wp\/v2\/pages\/61","targetHints":{"allow":["GET"]}}],"collection":[{"href":"https:\/\/congresoaseguramiento.incp.org.co\/index.php\/wp-json\/wp\/v2\/pages"}],"about":[{"href":"https:\/\/congresoaseguramiento.incp.org.co\/index.php\/wp-json\/wp\/v2\/types\/page"}],"author":[{"embeddable":true,"href":"https:\/\/congresoaseguramiento.incp.org.co\/index.php\/wp-json\/wp\/v2\/users\/2"}],"replies":[{"embeddable":true,"href":"https:\/\/congresoaseguramiento.incp.org.co\/index.php\/wp-json\/wp\/v2\/comments?post=61"}],"version-history":[{"count":10,"href":"https:\/\/congresoaseguramiento.incp.org.co\/index.php\/wp-json\/wp\/v2\/pages\/61\/revisions"}],"predecessor-version":[{"id":552,"href":"https:\/\/congresoaseguramiento.incp.org.co\/index.php\/wp-json\/wp\/v2\/pages\/61\/revisions\/552"}],"wp:attachment":[{"href":"https:\/\/congresoaseguramiento.incp.org.co\/index.php\/wp-json\/wp\/v2\/media?parent=61"}],"curies":[{"name":"wp","href":"https:\/\/api.w.org\/{rel}","templated":true}]}}