{"id":574,"date":"2025-09-24T20:00:08","date_gmt":"2025-09-24T20:00:08","guid":{"rendered":"https:\/\/congresoaseguramiento.incp.org.co\/?page_id=574"},"modified":"2025-09-24T20:00:09","modified_gmt":"2025-09-24T20:00:09","slug":"juan-manuel-segura","status":"publish","type":"page","link":"https:\/\/congresoaseguramiento.incp.org.co\/indexphp\/juan-manuel-segura\/","title":{"rendered":"Juan Manuel Segura"},"content":{"rendered":"\n<div class=\"wp-block-columns is-layout-flex wp-container-core-columns-is-layout-9d6595d7 wp-block-columns-is-layout-flex\">\n<div class=\"wp-block-column is-layout-flow wp-block-column-is-layout-flow\">\n<figure class=\"wp-block-image size-full is-resized\"><img loading=\"lazy\" decoding=\"async\" width=\"402\" height=\"401\" src=\"https:\/\/congresoaseguramiento.incp.org.co\/wp-content\/uploads\/2025\/09\/Mesa-de-trabajo-1-copia-13-100.jpg\" alt=\"\" class=\"wp-image-546\" style=\"width:416px;height:auto\" srcset=\"https:\/\/congresoaseguramiento.incp.org.co\/wp-content\/uploads\/2025\/09\/Mesa-de-trabajo-1-copia-13-100.jpg 402w, https:\/\/congresoaseguramiento.incp.org.co\/wp-content\/uploads\/2025\/09\/Mesa-de-trabajo-1-copia-13-100-300x300.jpg 300w, https:\/\/congresoaseguramiento.incp.org.co\/wp-content\/uploads\/2025\/09\/Mesa-de-trabajo-1-copia-13-100-150x150.jpg 150w\" sizes=\"auto, (max-width: 402px) 100vw, 402px\" \/><\/figure>\n<\/div>\n\n\n\n<div class=\"wp-block-column is-layout-flow wp-block-column-is-layout-flow\">\n<h5 class=\"wp-block-heading\" style=\"font-size:20px\">Associate Partner en EY<\/h5>\n\n\n\n<p style=\"text-align:justify\">Contador p\u00fablico de la Universidad La Gran Colombia y magister en Finanzas de la Universidad de Manizales. <br><br>\n\nCuenta con m\u00e1s de 20 a\u00f1os de experiencia en auditor\u00eda financiera. Ha liderado en la Big Four auditor\u00edas de importantes compa\u00f1\u00edas en Colombia y reportes de grupo a nivel internacional en sectores como telecomunicaciones, tecnolog\u00eda, sector real, transporte, construcci\u00f3n, agricultura y manufactura.\n<br><br>\nTiene amplia experiencia en cumplimiento regulatorio, impuestos, reportes a entes de control, administraci\u00f3n de riesgos y programas de \u00e9tica, transparencia y prevenci\u00f3n de LAFT\/FPADM.\n\n<\/p>\n<\/div>\n<\/div>\n","protected":false},"excerpt":{"rendered":"<p>Associate Partner en EY Contador p\u00fablico de la Universidad La Gran Colombia y magister en Finanzas de la Universidad de Manizales. Cuenta con m\u00e1s de 20 a\u00f1os de experiencia en auditor\u00eda financiera. Ha liderado en la Big Four auditor\u00edas de importantes compa\u00f1\u00edas en Colombia y reportes de grupo a nivel internacional en sectores como telecomunicaciones, &hellip; <\/p>\n","protected":false},"author":1,"featured_media":0,"parent":0,"menu_order":0,"comment_status":"closed","ping_status":"closed","template":"","meta":{"footnotes":""},"class_list":["post-574","page","type-page","status-publish","hentry"],"_links":{"self":[{"href":"https:\/\/congresoaseguramiento.incp.org.co\/index.php\/wp-json\/wp\/v2\/pages\/574","targetHints":{"allow":["GET"]}}],"collection":[{"href":"https:\/\/congresoaseguramiento.incp.org.co\/index.php\/wp-json\/wp\/v2\/pages"}],"about":[{"href":"https:\/\/congresoaseguramiento.incp.org.co\/index.php\/wp-json\/wp\/v2\/types\/page"}],"author":[{"embeddable":true,"href":"https:\/\/congresoaseguramiento.incp.org.co\/index.php\/wp-json\/wp\/v2\/users\/1"}],"replies":[{"embeddable":true,"href":"https:\/\/congresoaseguramiento.incp.org.co\/index.php\/wp-json\/wp\/v2\/comments?post=574"}],"version-history":[{"count":1,"href":"https:\/\/congresoaseguramiento.incp.org.co\/index.php\/wp-json\/wp\/v2\/pages\/574\/revisions"}],"predecessor-version":[{"id":577,"href":"https:\/\/congresoaseguramiento.incp.org.co\/index.php\/wp-json\/wp\/v2\/pages\/574\/revisions\/577"}],"wp:attachment":[{"href":"https:\/\/congresoaseguramiento.incp.org.co\/index.php\/wp-json\/wp\/v2\/media?parent=574"}],"curies":[{"name":"wp","href":"https:\/\/api.w.org\/{rel}","templated":true}]}}