{"id":571,"date":"2025-09-24T19:57:27","date_gmt":"2025-09-24T19:57:27","guid":{"rendered":"https:\/\/congresoaseguramiento.incp.org.co\/?page_id=571"},"modified":"2025-09-24T19:57:28","modified_gmt":"2025-09-24T19:57:28","slug":"andres-pinzon","status":"publish","type":"page","link":"https:\/\/congresoaseguramiento.incp.org.co\/indexphp\/andres-pinzon\/","title":{"rendered":"Andr\u00e9s Pinz\u00f3n"},"content":{"rendered":"\n<div class=\"wp-block-columns is-layout-flex wp-container-core-columns-is-layout-9d6595d7 wp-block-columns-is-layout-flex\">\n<div class=\"wp-block-column is-layout-flow wp-block-column-is-layout-flow\">\n<figure class=\"wp-block-image size-full is-resized\"><img loading=\"lazy\" decoding=\"async\" width=\"402\" height=\"401\" src=\"https:\/\/congresoaseguramiento.incp.org.co\/wp-content\/uploads\/2025\/09\/Mesa-de-trabajo-1-copia-11-100.jpg\" alt=\"\" class=\"wp-image-548\" style=\"width:416px;height:auto\" srcset=\"https:\/\/congresoaseguramiento.incp.org.co\/wp-content\/uploads\/2025\/09\/Mesa-de-trabajo-1-copia-11-100.jpg 402w, https:\/\/congresoaseguramiento.incp.org.co\/wp-content\/uploads\/2025\/09\/Mesa-de-trabajo-1-copia-11-100-300x300.jpg 300w, https:\/\/congresoaseguramiento.incp.org.co\/wp-content\/uploads\/2025\/09\/Mesa-de-trabajo-1-copia-11-100-150x150.jpg 150w\" sizes=\"auto, (max-width: 402px) 100vw, 402px\" \/><\/figure>\n<\/div>\n\n\n\n<div class=\"wp-block-column is-layout-flow wp-block-column-is-layout-flow\">\n<h5 class=\"wp-block-heading\" style=\"font-size:20px\">Director de Auditor\u00eda en PwC\n\u200b<\/h5>\n\n\n\n<p style=\"text-align:justify\">Contador p\u00fablico de la Pontificia Universidad Javeriana, especialista en Contabilidad Financiera Internacional. Cuenta con m\u00e1s de 15 a\u00f1os de experiencia en auditor\u00eda externa y revisor\u00eda fiscal, abarcando diversos sectores como miner\u00eda, retail, servicios, seguros, entre otros.<br><br> \n\nHa trabajado en proyectos con clientes regulados por la SEC y empresas listadas en bolsas de valores a nivel nacional, procesos de adopci\u00f3n de Normas Internacionales de Informaci\u00f3n Financiera (NIIF) y manejo de Normas Internacionales de Auditor\u00eda.<br><br>\n\nActualmente se desempe\u00f1a como director de Auditor\u00eda en PwC.\n\n<\/p>\n<\/div>\n<\/div>\n","protected":false},"excerpt":{"rendered":"<p>Director de Auditor\u00eda en PwC \u200b Contador p\u00fablico de la Pontificia Universidad Javeriana, especialista en Contabilidad Financiera Internacional. Cuenta con m\u00e1s de 15 a\u00f1os de experiencia en auditor\u00eda externa y revisor\u00eda fiscal, abarcando diversos sectores como miner\u00eda, retail, servicios, seguros, entre otros. Ha trabajado en proyectos con clientes regulados por la SEC y empresas listadas &hellip; <\/p>\n","protected":false},"author":1,"featured_media":0,"parent":0,"menu_order":0,"comment_status":"closed","ping_status":"closed","template":"","meta":{"footnotes":""},"class_list":["post-571","page","type-page","status-publish","hentry"],"_links":{"self":[{"href":"https:\/\/congresoaseguramiento.incp.org.co\/index.php\/wp-json\/wp\/v2\/pages\/571","targetHints":{"allow":["GET"]}}],"collection":[{"href":"https:\/\/congresoaseguramiento.incp.org.co\/index.php\/wp-json\/wp\/v2\/pages"}],"about":[{"href":"https:\/\/congresoaseguramiento.incp.org.co\/index.php\/wp-json\/wp\/v2\/types\/page"}],"author":[{"embeddable":true,"href":"https:\/\/congresoaseguramiento.incp.org.co\/index.php\/wp-json\/wp\/v2\/users\/1"}],"replies":[{"embeddable":true,"href":"https:\/\/congresoaseguramiento.incp.org.co\/index.php\/wp-json\/wp\/v2\/comments?post=571"}],"version-history":[{"count":1,"href":"https:\/\/congresoaseguramiento.incp.org.co\/index.php\/wp-json\/wp\/v2\/pages\/571\/revisions"}],"predecessor-version":[{"id":576,"href":"https:\/\/congresoaseguramiento.incp.org.co\/index.php\/wp-json\/wp\/v2\/pages\/571\/revisions\/576"}],"wp:attachment":[{"href":"https:\/\/congresoaseguramiento.incp.org.co\/index.php\/wp-json\/wp\/v2\/media?parent=571"}],"curies":[{"name":"wp","href":"https:\/\/api.w.org\/{rel}","templated":true}]}}