{"id":314,"date":"2024-11-21T13:38:44","date_gmt":"2024-11-21T13:38:44","guid":{"rendered":"https:\/\/congresoaseguramiento.incp.org.co\/?page_id=314"},"modified":"2025-09-25T19:24:04","modified_gmt":"2025-09-25T19:24:04","slug":"oscar-torres","status":"publish","type":"page","link":"https:\/\/congresoaseguramiento.incp.org.co\/indexphp\/oscar-torres\/","title":{"rendered":"\u00d3scar Hernando Torres Mendoza\u200b"},"content":{"rendered":"\n<div class=\"wp-block-columns is-layout-flex wp-container-core-columns-is-layout-9d6595d7 wp-block-columns-is-layout-flex\">\n<div class=\"wp-block-column is-layout-flow wp-block-column-is-layout-flow\">\n<figure class=\"wp-block-image size-full is-resized\"><img loading=\"lazy\" decoding=\"async\" width=\"402\" height=\"401\" src=\"https:\/\/congresoaseguramiento.incp.org.co\/wp-content\/uploads\/2025\/09\/Mesa-de-trabajo-1-copia-6-100-1.jpg\" alt=\"\" class=\"wp-image-580\" style=\"width:416px;height:auto\" srcset=\"https:\/\/congresoaseguramiento.incp.org.co\/wp-content\/uploads\/2025\/09\/Mesa-de-trabajo-1-copia-6-100-1.jpg 402w, https:\/\/congresoaseguramiento.incp.org.co\/wp-content\/uploads\/2025\/09\/Mesa-de-trabajo-1-copia-6-100-1-300x300.jpg 300w, https:\/\/congresoaseguramiento.incp.org.co\/wp-content\/uploads\/2025\/09\/Mesa-de-trabajo-1-copia-6-100-1-150x150.jpg 150w\" sizes=\"auto, (max-width: 402px) 100vw, 402px\" \/><\/figure>\n<\/div>\n\n\n\n<div class=\"wp-block-column is-layout-flow wp-block-column-is-layout-flow\">\n<h5 class=\"wp-block-heading\" style=\"font-size:20px\">Socio director de America Advising &#038; Auditing Services\u200b<\/h5>\n\n\n\n<p style=\"text-align:justify\">Contador p\u00fablico con m\u00e1s de 41 a\u00f1os de experiencia en auditor\u00eda y consultor\u00eda, con trayectoria local e internacional (Estados Unidos). Fue socio de Coopers &#038; Lybrand (actualmente PwC) durante 16 a\u00f1os.\u200b<br><br>\n\nEs socio fundador y director de America Advising &#038; Auditing Services desde hace 25 a\u00f1os, donde lidera proyectos de aseguramiento y control de calidad. Ha participado en revisiones de control de calidad en Argentina y Ecuador. \u200b<br><br>\n\nEs profesor de posgrado desde hace 24 a\u00f1os, conferencista e integrante de los comit\u00e9s de Impuestos y Aseguramiento que apoyan al Consejo T\u00e9cnico de la Contadur\u00eda P\u00fablica (CTCP) en temas normativos para la profesi\u00f3n contable.\u200b\n<\/p>\n<\/div>\n<\/div>\n","protected":false},"excerpt":{"rendered":"<p>Socio director de America Advising &#038; Auditing Services\u200b Contador p\u00fablico con m\u00e1s de 41 a\u00f1os de experiencia en auditor\u00eda y consultor\u00eda, con trayectoria local e internacional (Estados Unidos). Fue socio de Coopers &#038; Lybrand (actualmente PwC) durante 16 a\u00f1os.\u200b Es socio fundador y director de America Advising &#038; Auditing Services desde hace 25 a\u00f1os, donde &hellip; <\/p>\n","protected":false},"author":1,"featured_media":0,"parent":0,"menu_order":0,"comment_status":"closed","ping_status":"closed","template":"","meta":{"footnotes":""},"class_list":["post-314","page","type-page","status-publish","hentry"],"_links":{"self":[{"href":"https:\/\/congresoaseguramiento.incp.org.co\/index.php\/wp-json\/wp\/v2\/pages\/314","targetHints":{"allow":["GET"]}}],"collection":[{"href":"https:\/\/congresoaseguramiento.incp.org.co\/index.php\/wp-json\/wp\/v2\/pages"}],"about":[{"href":"https:\/\/congresoaseguramiento.incp.org.co\/index.php\/wp-json\/wp\/v2\/types\/page"}],"author":[{"embeddable":true,"href":"https:\/\/congresoaseguramiento.incp.org.co\/index.php\/wp-json\/wp\/v2\/users\/1"}],"replies":[{"embeddable":true,"href":"https:\/\/congresoaseguramiento.incp.org.co\/index.php\/wp-json\/wp\/v2\/comments?post=314"}],"version-history":[{"count":4,"href":"https:\/\/congresoaseguramiento.incp.org.co\/index.php\/wp-json\/wp\/v2\/pages\/314\/revisions"}],"predecessor-version":[{"id":581,"href":"https:\/\/congresoaseguramiento.incp.org.co\/index.php\/wp-json\/wp\/v2\/pages\/314\/revisions\/581"}],"wp:attachment":[{"href":"https:\/\/congresoaseguramiento.incp.org.co\/index.php\/wp-json\/wp\/v2\/media?parent=314"}],"curies":[{"name":"wp","href":"https:\/\/api.w.org\/{rel}","templated":true}]}}