{"id":300,"date":"2024-11-20T21:08:52","date_gmt":"2024-11-20T21:08:52","guid":{"rendered":"https:\/\/congresoaseguramiento.incp.org.co\/?page_id=300"},"modified":"2025-09-24T19:22:04","modified_gmt":"2025-09-24T19:22:04","slug":"juan-pablo-coy","status":"publish","type":"page","link":"https:\/\/congresoaseguramiento.incp.org.co\/indexphp\/juan-pablo-coy\/","title":{"rendered":"Juan Pablo Coy\u200b"},"content":{"rendered":"\n<div class=\"wp-block-columns is-layout-flex wp-container-core-columns-is-layout-9d6595d7 wp-block-columns-is-layout-flex\">\n<div class=\"wp-block-column is-layout-flow wp-block-column-is-layout-flow\">\n<figure class=\"wp-block-image size-full is-resized\"><img loading=\"lazy\" decoding=\"async\" width=\"402\" height=\"401\" src=\"https:\/\/congresoaseguramiento.incp.org.co\/wp-content\/uploads\/2025\/09\/Mesa-de-trabajo-1-copia-4-100.jpg\" alt=\"\" class=\"wp-image-539\" style=\"width:416px;height:auto\" srcset=\"https:\/\/congresoaseguramiento.incp.org.co\/wp-content\/uploads\/2025\/09\/Mesa-de-trabajo-1-copia-4-100.jpg 402w, https:\/\/congresoaseguramiento.incp.org.co\/wp-content\/uploads\/2025\/09\/Mesa-de-trabajo-1-copia-4-100-300x300.jpg 300w, https:\/\/congresoaseguramiento.incp.org.co\/wp-content\/uploads\/2025\/09\/Mesa-de-trabajo-1-copia-4-100-150x150.jpg 150w\" sizes=\"auto, (max-width: 402px) 100vw, 402px\" \/><\/figure>\n<\/div>\n\n\n\n<div class=\"wp-block-column is-layout-flow wp-block-column-is-layout-flow\">\n<h5 class=\"wp-block-heading\" style=\"font-size:20px\">Abogado, asociado de Esguerra JHR\u200b<\/h5>\n\n\n\n<p style=\"text-align:justify\">Abogado especializado en consultor\u00eda y litigios penales complejos, con amplia experiencia en la prevenci\u00f3n de riesgos penales y el dise\u00f1o de sistemas de criminal compliance. Ha asesorado a clientes del sector p\u00fablico y privado, incluyendo compa\u00f1\u00edas internacionales y personas extranjeras en investigaciones por delitos econ\u00f3micos, extinci\u00f3n de dominio y estrategias de defensa en contextos de alto perfil.\u200b<br><br>\n\nHa trabajado con entidades estatales para fortalecer procedimientos de fiscalizaci\u00f3n y recolecci\u00f3n de evidencia, as\u00ed como en la capacitaci\u00f3n de equipos t\u00e9cnicos y jur\u00eddicos en buenas pr\u00e1cticas y auditor\u00edas de cumplimiento penal.<\/p>\n<\/div>\n<\/div>\n","protected":false},"excerpt":{"rendered":"<p>Abogado, asociado de Esguerra JHR\u200b Abogado especializado en consultor\u00eda y litigios penales complejos, con amplia experiencia en la prevenci\u00f3n de riesgos penales y el dise\u00f1o de sistemas de criminal compliance. Ha asesorado a clientes del sector p\u00fablico y privado, incluyendo compa\u00f1\u00edas internacionales y personas extranjeras en investigaciones por delitos econ\u00f3micos, extinci\u00f3n de dominio y estrategias &hellip; <\/p>\n","protected":false},"author":1,"featured_media":0,"parent":0,"menu_order":0,"comment_status":"closed","ping_status":"closed","template":"","meta":{"footnotes":""},"class_list":["post-300","page","type-page","status-publish","hentry"],"_links":{"self":[{"href":"https:\/\/congresoaseguramiento.incp.org.co\/index.php\/wp-json\/wp\/v2\/pages\/300","targetHints":{"allow":["GET"]}}],"collection":[{"href":"https:\/\/congresoaseguramiento.incp.org.co\/index.php\/wp-json\/wp\/v2\/pages"}],"about":[{"href":"https:\/\/congresoaseguramiento.incp.org.co\/index.php\/wp-json\/wp\/v2\/types\/page"}],"author":[{"embeddable":true,"href":"https:\/\/congresoaseguramiento.incp.org.co\/index.php\/wp-json\/wp\/v2\/users\/1"}],"replies":[{"embeddable":true,"href":"https:\/\/congresoaseguramiento.incp.org.co\/index.php\/wp-json\/wp\/v2\/comments?post=300"}],"version-history":[{"count":5,"href":"https:\/\/congresoaseguramiento.incp.org.co\/index.php\/wp-json\/wp\/v2\/pages\/300\/revisions"}],"predecessor-version":[{"id":555,"href":"https:\/\/congresoaseguramiento.incp.org.co\/index.php\/wp-json\/wp\/v2\/pages\/300\/revisions\/555"}],"wp:attachment":[{"href":"https:\/\/congresoaseguramiento.incp.org.co\/index.php\/wp-json\/wp\/v2\/media?parent=300"}],"curies":[{"name":"wp","href":"https:\/\/api.w.org\/{rel}","templated":true}]}}