{"id":257,"date":"2025-09-22T14:20:44","date_gmt":"2025-09-22T14:20:44","guid":{"rendered":"https:\/\/congresoaseguramiento.incp.org.co\/?page_id=257"},"modified":"2025-09-24T19:46:45","modified_gmt":"2025-09-24T19:46:45","slug":"daniel-sarmiento","status":"publish","type":"page","link":"https:\/\/congresoaseguramiento.incp.org.co\/indexphp\/daniel-sarmiento\/","title":{"rendered":"Daniel Sarmiento\u200b"},"content":{"rendered":"\n<div class=\"wp-block-columns is-layout-flex wp-container-core-columns-is-layout-9d6595d7 wp-block-columns-is-layout-flex\">\n<div class=\"wp-block-column is-layout-flow wp-block-column-is-layout-flow\">\n<figure class=\"wp-block-image size-full is-resized\"><img loading=\"lazy\" decoding=\"async\" width=\"402\" height=\"402\" src=\"https:\/\/congresoaseguramiento.incp.org.co\/wp-content\/uploads\/2025\/09\/Daniel-Sarmiento.jpg\" alt=\"\" class=\"wp-image-513\" style=\"width:416px;height:auto\" srcset=\"https:\/\/congresoaseguramiento.incp.org.co\/wp-content\/uploads\/2025\/09\/Daniel-Sarmiento.jpg 402w, https:\/\/congresoaseguramiento.incp.org.co\/wp-content\/uploads\/2025\/09\/Daniel-Sarmiento-300x300.jpg 300w, https:\/\/congresoaseguramiento.incp.org.co\/wp-content\/uploads\/2025\/09\/Daniel-Sarmiento-150x150.jpg 150w\" sizes=\"auto, (max-width: 402px) 100vw, 402px\" \/><\/figure>\n<\/div>\n\n\n\n<div class=\"wp-block-column is-layout-flow wp-block-column-is-layout-flow\">\n<h5 class=\"wp-block-heading\" style=\"font-size:20px\">Socio director de ACS, firma miembro de SMS Latinoam\u00e9rica\u200b<\/h5>\n\n\n\n<p style=\"text-align:justify\">Contador p\u00fablico y administrador de empresas, especialista en Auditor\u00eda de Sistemas y MBA de la Universidad UNED de Espa\u00f1a. Ha sido consejero del Consejo T\u00e9cnico de la Contadur\u00eda P\u00fablica, gerente financiero, auditor y revisor fiscal por m\u00e1s de 15 a\u00f1os. \u200b\n<br><br>\nDocente de pregrado y posgrado en diversas universidades de Colombia, conferencista internacional y l\u00edder de opini\u00f3n en temas contables, de aseguramiento, revisor\u00eda fiscal y control de calidad. Es miembro de la Junta Directiva del Instituto Nacional de Contadores P\u00fablicos, ha integrado el Grupo de Implementaci\u00f3n de las Pymes del IASB y actualmente es socio director en la firma Audit &#038; Consulting Services\u200b<\/p>\n<\/div>\n<\/div>\n\n\n\n<p><\/p>\n","protected":false},"excerpt":{"rendered":"<p>Socio director de ACS, firma miembro de SMS Latinoam\u00e9rica\u200b Contador p\u00fablico y administrador de empresas, especialista en Auditor\u00eda de Sistemas y MBA de la Universidad UNED de Espa\u00f1a. Ha sido consejero del Consejo T\u00e9cnico de la Contadur\u00eda P\u00fablica, gerente financiero, auditor y revisor fiscal por m\u00e1s de 15 a\u00f1os. \u200b Docente de pregrado y posgrado &hellip; <\/p>\n","protected":false},"author":1,"featured_media":0,"parent":0,"menu_order":0,"comment_status":"closed","ping_status":"closed","template":"","meta":{"footnotes":""},"class_list":["post-257","page","type-page","status-publish","hentry"],"_links":{"self":[{"href":"https:\/\/congresoaseguramiento.incp.org.co\/index.php\/wp-json\/wp\/v2\/pages\/257","targetHints":{"allow":["GET"]}}],"collection":[{"href":"https:\/\/congresoaseguramiento.incp.org.co\/index.php\/wp-json\/wp\/v2\/pages"}],"about":[{"href":"https:\/\/congresoaseguramiento.incp.org.co\/index.php\/wp-json\/wp\/v2\/types\/page"}],"author":[{"embeddable":true,"href":"https:\/\/congresoaseguramiento.incp.org.co\/index.php\/wp-json\/wp\/v2\/users\/1"}],"replies":[{"embeddable":true,"href":"https:\/\/congresoaseguramiento.incp.org.co\/index.php\/wp-json\/wp\/v2\/comments?post=257"}],"version-history":[{"count":3,"href":"https:\/\/congresoaseguramiento.incp.org.co\/index.php\/wp-json\/wp\/v2\/pages\/257\/revisions"}],"predecessor-version":[{"id":514,"href":"https:\/\/congresoaseguramiento.incp.org.co\/index.php\/wp-json\/wp\/v2\/pages\/257\/revisions\/514"}],"wp:attachment":[{"href":"https:\/\/congresoaseguramiento.incp.org.co\/index.php\/wp-json\/wp\/v2\/media?parent=257"}],"curies":[{"name":"wp","href":"https:\/\/api.w.org\/{rel}","templated":true}]}}