{"id":255,"date":"2025-09-18T21:53:32","date_gmt":"2025-09-18T21:53:32","guid":{"rendered":"https:\/\/congresoaseguramiento.incp.org.co\/?page_id=255"},"modified":"2025-09-24T19:48:31","modified_gmt":"2025-09-24T19:48:31","slug":"luis-henry","status":"publish","type":"page","link":"https:\/\/congresoaseguramiento.incp.org.co\/indexphp\/luis-henry\/","title":{"rendered":"Luis Henry Moya"},"content":{"rendered":"\n<div class=\"wp-block-columns is-layout-flex wp-container-core-columns-is-layout-9d6595d7 wp-block-columns-is-layout-flex\">\n<div class=\"wp-block-column is-layout-flow wp-block-column-is-layout-flow\">\n<figure class=\"wp-block-image size-full is-resized\"><img loading=\"lazy\" decoding=\"async\" width=\"401\" height=\"401\" src=\"https:\/\/congresoaseguramiento.incp.org.co\/wp-content\/uploads\/2025\/09\/Mesa-de-trabajo-1-100.jpg\" alt=\"\" class=\"wp-image-551\" style=\"width:416px;height:auto\" srcset=\"https:\/\/congresoaseguramiento.incp.org.co\/wp-content\/uploads\/2025\/09\/Mesa-de-trabajo-1-100.jpg 401w, https:\/\/congresoaseguramiento.incp.org.co\/wp-content\/uploads\/2025\/09\/Mesa-de-trabajo-1-100-300x300.jpg 300w, https:\/\/congresoaseguramiento.incp.org.co\/wp-content\/uploads\/2025\/09\/Mesa-de-trabajo-1-100-150x150.jpg 150w\" sizes=\"auto, (max-width: 401px) 100vw, 401px\" \/><\/figure>\n<\/div>\n\n\n\n<div class=\"wp-block-column is-layout-flow wp-block-column-is-layout-flow\">\n<h5 class=\"wp-block-heading\" style=\"font-size:20px\">Experto en revisor\u00eda fiscal\u200b<\/h5>\n\n\n\n<p style=\"text-align:justify\">Experto en temas de Auditor\u00eda, Control Interno, Gesti\u00f3n de Riesgos y NIIF. Contador p\u00fablico con especializaci\u00f3n en Auditoria Tributaria y Maestr\u00eda en Finanzas Corporativas.<br><br>\n\nHa sido asesor del Despacho de la Contadur\u00eda General de la Naci\u00f3n, consejero del Consejo T\u00e9cnico de la Contadur\u00eda P\u00fablica, y miembro del Tribunal Disciplinario de la Junta Central de Contadores.<br><br>\n\nSe desempe\u00f1\u00f3 como Gerente de Consultor\u00eda en EY as\u00ed como senior de Auditor\u00eda en Deloitte, KPMG y BDO.<br><br> \n\nAutor de libros y art\u00edculos sobre Auditor\u00eda, Control Interno, NIIF y Contabilidad. Asesor de empresas, catedr\u00e1tico universitario y conferencista. \n<\/p>\n<\/div>\n<\/div>\n","protected":false},"excerpt":{"rendered":"<p>Experto en revisor\u00eda fiscal\u200b Experto en temas de Auditor\u00eda, Control Interno, Gesti\u00f3n de Riesgos y NIIF. Contador p\u00fablico con especializaci\u00f3n en Auditoria Tributaria y Maestr\u00eda en Finanzas Corporativas. Ha sido asesor del Despacho de la Contadur\u00eda General de la Naci\u00f3n, consejero del Consejo T\u00e9cnico de la Contadur\u00eda P\u00fablica, y miembro del Tribunal Disciplinario de la &hellip; <\/p>\n","protected":false},"author":1,"featured_media":0,"parent":0,"menu_order":0,"comment_status":"closed","ping_status":"closed","template":"","meta":{"footnotes":""},"class_list":["post-255","page","type-page","status-publish","hentry"],"_links":{"self":[{"href":"https:\/\/congresoaseguramiento.incp.org.co\/index.php\/wp-json\/wp\/v2\/pages\/255","targetHints":{"allow":["GET"]}}],"collection":[{"href":"https:\/\/congresoaseguramiento.incp.org.co\/index.php\/wp-json\/wp\/v2\/pages"}],"about":[{"href":"https:\/\/congresoaseguramiento.incp.org.co\/index.php\/wp-json\/wp\/v2\/types\/page"}],"author":[{"embeddable":true,"href":"https:\/\/congresoaseguramiento.incp.org.co\/index.php\/wp-json\/wp\/v2\/users\/1"}],"replies":[{"embeddable":true,"href":"https:\/\/congresoaseguramiento.incp.org.co\/index.php\/wp-json\/wp\/v2\/comments?post=255"}],"version-history":[{"count":3,"href":"https:\/\/congresoaseguramiento.incp.org.co\/index.php\/wp-json\/wp\/v2\/pages\/255\/revisions"}],"predecessor-version":[{"id":561,"href":"https:\/\/congresoaseguramiento.incp.org.co\/index.php\/wp-json\/wp\/v2\/pages\/255\/revisions\/561"}],"wp:attachment":[{"href":"https:\/\/congresoaseguramiento.incp.org.co\/index.php\/wp-json\/wp\/v2\/media?parent=255"}],"curies":[{"name":"wp","href":"https:\/\/api.w.org\/{rel}","templated":true}]}}